{"id":76,"date":"2016-03-11T12:33:50","date_gmt":"2016-03-11T11:33:50","guid":{"rendered":"http:\/\/www.aufkleber-druck-profi.de\/?page_id=76"},"modified":"2018-12-12T13:16:35","modified_gmt":"2018-12-12T12:16:35","slug":"fussbodenaufkleber","status":"publish","type":"page","link":"http:\/\/siebdruck-profi.de\/?page_id=76","title":{"rendered":"Rakel"},"content":{"rendered":"<div id=\"pl-76\"  class=\"panel-layout\" >\n<div id=\"pg-76-0\"  class=\"panel-grid panel-no-style\"  data-style=\"{&quot;background_image_attachment&quot;:false,&quot;background_display&quot;:&quot;tile&quot;,&quot;cell_alignment&quot;:&quot;flex-start&quot;}\" >\n<div id=\"pgc-76-0-0\"  class=\"panel-grid-cell\"  data-weight=\"0.5\" >\n<div id=\"panel-76-0-0-0\" class=\"so-panel widget widget_sow-image panel-first-child panel-last-child\" data-index=\"0\" data-style=\"{&quot;background_image_attachment&quot;:false,&quot;background_display&quot;:&quot;tile&quot;}\" >[siteorigin_widget class=&#8220;SiteOrigin_Widget_Image_Widget&#8220;]<input type=\"hidden\" value=\"{&quot;instance&quot;:{&quot;image&quot;:314,&quot;image_fallback&quot;:&quot;&quot;,&quot;size&quot;:&quot;full&quot;,&quot;align&quot;:&quot;default&quot;,&quot;title_align&quot;:&quot;default&quot;,&quot;title&quot;:&quot;&quot;,&quot;title_position&quot;:&quot;hidden&quot;,&quot;alt&quot;:&quot;&quot;,&quot;url&quot;:&quot;&quot;,&quot;bound&quot;:true,&quot;_sow_form_id&quot;:&quot;18707324325b29f1dcf034d717275906&quot;,&quot;_sow_form_timestamp&quot;:&quot;1529475570269&quot;,&quot;new_window&quot;:false,&quot;full_width&quot;:false},&quot;args&quot;:{&quot;before_widget&quot;:&quot;&lt;div id=\\&quot;panel-76-0-0-0\\&quot; class=\\&quot;so-panel widget widget_sow-image panel-first-child panel-last-child\\&quot; data-index=\\&quot;0\\&quot; data-style=\\&quot;{&amp;quot;background_image_attachment&amp;quot;:false,&amp;quot;background_display&amp;quot;:&amp;quot;tile&amp;quot;}\\&quot; &gt;&quot;,&quot;after_widget&quot;:&quot;&lt;\\\/div&gt;&quot;,&quot;before_title&quot;:&quot;&lt;h3 class=\\&quot;widget-title\\&quot;&gt;&quot;,&quot;after_title&quot;:&quot;&lt;\\\/h3&gt;&quot;,&quot;widget_id&quot;:&quot;widget-0-0-0&quot;}}\" \/>[\/siteorigin_widget]<\/div>\n<\/div>\n<div id=\"pgc-76-0-1\"  class=\"panel-grid-cell\"  data-weight=\"0.5\" >\n<div id=\"panel-76-0-1-0\" class=\"so-panel widget widget_sow-editor panel-first-child panel-last-child\" data-index=\"1\" data-style=\"{&quot;background_image_attachment&quot;:false,&quot;background_display&quot;:&quot;tile&quot;}\" >\n<div class=\"so-widget-sow-editor so-widget-sow-editor-base\">\n<div class=\"siteorigin-widget-tinymce textwidget\">\n\t<strong>Die Rakel<\/strong> besteht aus <strong>Gummi<\/strong> oder <strong>Kunststoff<\/strong> und hat eine <strong>rundgeschliffene<\/strong> oder <strong>scharfgeschliffene Kante<\/strong>.<\/p>\n<p>Mithilfe der Rakel wird die Druckfarbe durch die \u00d6ffnungen im Sieb auf das zu bedruckende<br \/>\nObjekt gedr\u00fcckt.<\/p>\n<p>Sie wird dabei von oben nach unten bewegt.<br \/>\nUnten angekommen wird sie wieder nach<br \/>\noben bewegt. <strong>Solange bis die Druckfarbe auf dem Bedruckstoff ist<\/strong>.<\/div>\n<\/div>\n<\/div>\n<\/div>\n<\/div>\n<div id=\"pg-76-1\"  class=\"panel-grid panel-no-style\" >\n<div id=\"pgc-76-1-0\"  class=\"panel-grid-cell\"  data-weight=\"0.5\" >\n<div id=\"panel-76-1-0-0\" class=\"so-panel widget widget_sow-editor panel-first-child panel-last-child\" data-index=\"2\" data-style=\"{&quot;background_image_attachment&quot;:false,&quot;background_display&quot;:&quot;tile&quot;}\" >\n<div class=\"so-widget-sow-editor so-widget-sow-editor-base\">\n<div class=\"siteorigin-widget-tinymce textwidget\">\n\tDie Rakel gibt es in <strong>verschiedenen H\u00e4rtegraden<\/strong>.<br \/>\nDie H\u00e4rte einer Rakel kann das<br \/>\n<strong>Druckergebnis beeinflussen<\/strong>.<\/p>\n<p>F\u00fcr Textilien und Fl\u00e4chendrucke verwendet man am besten eine weiche Rakel. H\u00e4rtere Rakelgummis empfehlen sich bei Rasterdrucken und Negativ drucken.<\/p>\n<p>Es gibt drei verschiedene H\u00e4rtegrade: <strong>Weich<\/strong>, <strong>mittelhart<\/strong> und <strong>hart<\/strong>. Der H\u00e4rtegrad wird dabei in der Ma\u00dfeinheit \u201e<strong>Shore<\/strong>\u201c angegeben.<\/div>\n<\/div>\n<\/div>\n<\/div>\n<div id=\"pgc-76-1-1\"  class=\"panel-grid-cell\"  data-weight=\"0.5\" >\n<div id=\"panel-76-1-1-0\" class=\"so-panel widget widget_sow-image panel-first-child panel-last-child\" data-index=\"3\" data-style=\"{&quot;background_image_attachment&quot;:false,&quot;background_display&quot;:&quot;tile&quot;}\" >[siteorigin_widget class=&#8220;SiteOrigin_Widget_Image_Widget&#8220;]<input type=\"hidden\" value=\"{&quot;instance&quot;:{&quot;image&quot;:307,&quot;image_fallback&quot;:&quot;&quot;,&quot;size&quot;:&quot;full&quot;,&quot;align&quot;:&quot;default&quot;,&quot;title_align&quot;:&quot;default&quot;,&quot;title&quot;:&quot;&quot;,&quot;title_position&quot;:&quot;hidden&quot;,&quot;alt&quot;:&quot;&quot;,&quot;url&quot;:&quot;&quot;,&quot;bound&quot;:true,&quot;_sow_form_id&quot;:&quot;5839915665b29f1e575e24008432098&quot;,&quot;_sow_form_timestamp&quot;:&quot;1529475580195&quot;,&quot;new_window&quot;:false,&quot;full_width&quot;:false},&quot;args&quot;:{&quot;before_widget&quot;:&quot;&lt;div id=\\&quot;panel-76-1-1-0\\&quot; class=\\&quot;so-panel widget widget_sow-image panel-first-child panel-last-child\\&quot; data-index=\\&quot;3\\&quot; data-style=\\&quot;{&amp;quot;background_image_attachment&amp;quot;:false,&amp;quot;background_display&amp;quot;:&amp;quot;tile&amp;quot;}\\&quot; &gt;&quot;,&quot;after_widget&quot;:&quot;&lt;\\\/div&gt;&quot;,&quot;before_title&quot;:&quot;&lt;h3 class=\\&quot;widget-title\\&quot;&gt;&quot;,&quot;after_title&quot;:&quot;&lt;\\\/h3&gt;&quot;,&quot;widget_id&quot;:&quot;widget-1-1-0&quot;}}\" \/>[\/siteorigin_widget]<\/div>\n<\/div>\n<\/div>\n<div id=\"pg-76-2\"  class=\"panel-grid panel-no-style\" >\n<div id=\"pgc-76-2-0\"  class=\"panel-grid-cell\"  data-weight=\"1\" >\n<div id=\"panel-76-2-0-0\" class=\"so-panel widget widget_sow-editor panel-first-child panel-last-child\" data-index=\"4\" data-style=\"{&quot;background_image_attachment&quot;:false,&quot;background_display&quot;:&quot;tile&quot;}\" >\n<div class=\"so-widget-sow-editor so-widget-sow-editor-base\">\n<div class=\"siteorigin-widget-tinymce textwidget\">\n\tEine Rakel mit <strong>weichem Gummi<\/strong> hat im Durchschnitt <strong>65 Shore<\/strong>, eine <strong>mittlere hat um die<\/strong> <strong>75<\/strong> und eine<br \/>\n<strong>harte um die<\/strong> <strong>85<\/strong>. H\u00e4ufig werden mittelharte Rakel verwendet.<\/div>\n<\/div>\n<\/div>\n<\/div>\n<\/div>\n<\/div>\n","protected":false},"excerpt":{"rendered":"<p>[siteorigin_widget class=&#8220;SiteOrigin_Widget_Image_Widget&#8220;][\/siteorigin_widget] Die Rakel besteht aus Gummi oder Kunststoff und hat eine rundgeschliffene oder scharfgeschliffene Kante. Mithilfe der Rakel wird<\/p>\n","protected":false},"author":1,"featured_media":0,"parent":0,"menu_order":0,"comment_status":"closed","ping_status":"closed","template":"","meta":[],"_links":{"self":[{"href":"http:\/\/siebdruck-profi.de\/index.php?rest_route=\/wp\/v2\/pages\/76"}],"collection":[{"href":"http:\/\/siebdruck-profi.de\/index.php?rest_route=\/wp\/v2\/pages"}],"about":[{"href":"http:\/\/siebdruck-profi.de\/index.php?rest_route=\/wp\/v2\/types\/page"}],"author":[{"embeddable":true,"href":"http:\/\/siebdruck-profi.de\/index.php?rest_route=\/wp\/v2\/users\/1"}],"replies":[{"embeddable":true,"href":"http:\/\/siebdruck-profi.de\/index.php?rest_route=%2Fwp%2Fv2%2Fcomments&post=76"}],"version-history":[{"count":23,"href":"http:\/\/siebdruck-profi.de\/index.php?rest_route=\/wp\/v2\/pages\/76\/revisions"}],"predecessor-version":[{"id":408,"href":"http:\/\/siebdruck-profi.de\/index.php?rest_route=\/wp\/v2\/pages\/76\/revisions\/408"}],"wp:attachment":[{"href":"http:\/\/siebdruck-profi.de\/index.php?rest_route=%2Fwp%2Fv2%2Fmedia&parent=76"}],"curies":[{"name":"wp","href":"https:\/\/api.w.org\/{rel}","templated":true}]}}